{"id":1189,"date":"2022-11-03T10:13:07","date_gmt":"2022-11-03T10:13:07","guid":{"rendered":"https:\/\/www.litehorse.it\/prodotto\/cours-video-pour-marechal-ferrant\/"},"modified":"2023-04-14T10:19:36","modified_gmt":"2023-04-14T10:19:36","slug":"cours-video-pour-marechal-ferrant","status":"publish","type":"product","link":"https:\/\/www.litehorse.it\/fr\/product\/cours-video-pour-marechal-ferrant\/","title":{"rendered":"Cours vid\u00e9o pour mar\u00e9chal-ferrant"},"content":{"rendered":"<p><strong>LITEHORSE<\/strong> en collaboration avec le <strong>Docteur Lorenzo D\u2019Arpe<\/strong> a cr\u00e9\u00e9 un cours complet pour les mar\u00e9chal-ferrant, sur diverses questions relatives aux soins et \u00e0 la sant\u00e9 du cheval. En achetant ce forfait, vous aurez acc\u00e8s au cours complet.<\/p>\n<p><em>*mat\u00e9riel actuellement disponible uniquement en fran\u00e7ais<\/em><\/p>\n<p>Apr\u00e8s l&rsquo;achat du billet, nous vous enverrons les donn\u00e9es d&rsquo;acc\u00e8s par e-mail pour acc\u00e9der \u00e0 la plateforme.<\/p>\n<p>Cours complet en collaboration avec le Docteur Lorenzo D&rsquo;Arpe pour les mar\u00e9chal-ferrant sur les soins et la sant\u00e9 du pied du cheval.<\/p>\n<p style=\"font-weight: 400;\">Je vous confirme qu\u2019en effet il est possible de faire prendre en charge l\u2019int\u00e9gralit\u00e9 de ces webinaires. Comme vous le savez nous vivons en Italie et pour nous il est difficile de g\u00e9rer cet aspect administratif.<\/p>\n<p style=\"font-weight: 400;\">C\u2019est pour cela que nous travaillons avec le Centre de Formation ACE Formation-Conseils sur Saint-Cyr-sur-Mer qui est certifi\u00e9 par le double label qualit\u00e9 QUALIOPI et DATADOCK, qui se chargera de vous obtenir le remboursement de ces webinaires.<\/p>\n<p style=\"font-weight: 400;\">Si vous souhaitez cette prise en charge financi\u00e8re, \u00a0nous vous demandons de r\u00e9gler les webinaires et de prendre contact avec le Centre ACE Formation-Conseils\u00a0: Madame Morgane PONTIER au 06.63.04.17.18 ou par mail <a href=\"mailto:aceformationconseil@orange.fr\">aceformationconseil@orange.fr<\/a><\/p>\n","protected":false},"excerpt":{"rendered":"<p>Cours complet en collaboration avec le Docteur Lorenzo D&rsquo;Arpe pour les mar\u00e9chal-ferrant sur les soins et la sant\u00e9 du pied du cheval.<\/p>\n","protected":false},"featured_media":1210,"comment_status":"open","ping_status":"closed","template":"","meta":[],"product_brand":[],"product_cat":[37,35],"product_tag":[],"class_list":{"0":"post-1189","1":"product","2":"type-product","3":"status-publish","4":"has-post-thumbnail","5":"product_cat-formation","6":"product_cat-webinaire","8":"first","9":"outofstock","10":"virtual","11":"purchasable","12":"product-type-simple"},"_links":{"self":[{"href":"https:\/\/www.litehorse.it\/fr\/wp-json\/wp\/v2\/product\/1189","targetHints":{"allow":["GET"]}}],"collection":[{"href":"https:\/\/www.litehorse.it\/fr\/wp-json\/wp\/v2\/product"}],"about":[{"href":"https:\/\/www.litehorse.it\/fr\/wp-json\/wp\/v2\/types\/product"}],"replies":[{"embeddable":true,"href":"https:\/\/www.litehorse.it\/fr\/wp-json\/wp\/v2\/comments?post=1189"}],"wp:featuredmedia":[{"embeddable":true,"href":"https:\/\/www.litehorse.it\/fr\/wp-json\/wp\/v2\/media\/1210"}],"wp:attachment":[{"href":"https:\/\/www.litehorse.it\/fr\/wp-json\/wp\/v2\/media?parent=1189"}],"wp:term":[{"taxonomy":"product_brand","embeddable":true,"href":"https:\/\/www.litehorse.it\/fr\/wp-json\/wp\/v2\/product_brand?post=1189"},{"taxonomy":"product_cat","embeddable":true,"href":"https:\/\/www.litehorse.it\/fr\/wp-json\/wp\/v2\/product_cat?post=1189"},{"taxonomy":"product_tag","embeddable":true,"href":"https:\/\/www.litehorse.it\/fr\/wp-json\/wp\/v2\/product_tag?post=1189"}],"curies":[{"name":"wp","href":"https:\/\/api.w.org\/{rel}","templated":true}]}}