{"id":1058,"date":"2022-11-03T10:12:01","date_gmt":"2022-11-03T10:12:01","guid":{"rendered":"https:\/\/www.litehorse.it\/prodotto\/5-cuori\/"},"modified":"2023-01-23T18:00:36","modified_gmt":"2023-01-23T18:00:36","slug":"5-cuori","status":"publish","type":"product","link":"https:\/\/www.litehorse.it\/fr\/product\/5-cuori\/","title":{"rendered":"5 cuori"},"content":{"rendered":"[vc_row type=\u00a0\u00bbin_container\u00a0\u00bb full_screen_row_position=\u00a0\u00bbmiddle\u00a0\u00bb column_margin=\u00a0\u00bbdefault\u00a0\u00bb column_direction=\u00a0\u00bbdefault\u00a0\u00bb column_direction_tablet=\u00a0\u00bbdefault\u00a0\u00bb column_direction_phone=\u00a0\u00bbdefault\u00a0\u00bb scene_position=\u00a0\u00bbcenter\u00a0\u00bb text_color=\u00a0\u00bbdark\u00a0\u00bb text_align=\u00a0\u00bbleft\u00a0\u00bb row_border_radius=\u00a0\u00bbnone\u00a0\u00bb row_border_radius_applies=\u00a0\u00bbbg\u00a0\u00bb overflow=\u00a0\u00bbvisible\u00a0\u00bb overlay_strength=\u00a0\u00bb0.3&Prime; gradient_direction=\u00a0\u00bbleft_to_right\u00a0\u00bb shape_divider_position=\u00a0\u00bbbottom\u00a0\u00bb bg_image_animation=\u00a0\u00bbnone\u00a0\u00bb][vc_column column_padding=\u00a0\u00bbno-extra-padding\u00a0\u00bb column_padding_tablet=\u00a0\u00bbinherit\u00a0\u00bb column_padding_phone=\u00a0\u00bbinherit\u00a0\u00bb column_padding_position=\u00a0\u00bball\u00a0\u00bb column_element_direction_desktop=\u00a0\u00bbdefault\u00a0\u00bb column_element_spacing=\u00a0\u00bbdefault\u00a0\u00bb desktop_text_alignment=\u00a0\u00bbdefault\u00a0\u00bb tablet_text_alignment=\u00a0\u00bbdefault\u00a0\u00bb phone_text_alignment=\u00a0\u00bbdefault\u00a0\u00bb background_color_opacity=\u00a0\u00bb1&Prime; background_hover_color_opacity=\u00a0\u00bb1&Prime; column_backdrop_filter=\u00a0\u00bbnone\u00a0\u00bb column_shadow=\u00a0\u00bbnone\u00a0\u00bb column_border_radius=\u00a0\u00bbnone\u00a0\u00bb column_link_target=\u00a0\u00bb_self\u00a0\u00bb column_position=\u00a0\u00bbdefault\u00a0\u00bb gradient_direction=\u00a0\u00bbleft_to_right\u00a0\u00bb overlay_strength=\u00a0\u00bb0.3&Prime; width=\u00a0\u00bb1\/1&Prime; tablet_width_inherit=\u00a0\u00bbdefault\u00a0\u00bb animation_type=\u00a0\u00bbdefault\u00a0\u00bb bg_image_animation=\u00a0\u00bbnone\u00a0\u00bb border_type=\u00a0\u00bbsimple\u00a0\u00bb column_border_width=\u00a0\u00bbnone\u00a0\u00bb column_border_style=\u00a0\u00bbsolid\u00a0\u00bb][vc_column_text]Ce syst\u00e8me permet et favorise le flux continu de sang vers le doigt m\u00eame dans des conditions statiques et de surcharge selon la \u00ab\u00a0th\u00e9orie des 5 c\u0153urs\u00a0\u00bb de Dot. D&rsquo;Arpe. Le chausson est en caoutchouc, ce qui le rend relativement souple pour avoir de grandes marges de tol\u00e9rance en s&rsquo;adaptant \u00e0 la forme et \u00e0 la taille du pied. Enfin 5 CUORI a \u00e9t\u00e9 con\u00e7u pour \u00eatre port\u00e9 par le cheval au repos au box.[\/vc_column_text]<div class=\"nectar-fancy-ul\" data-list-icon=\"icon-salient-check\" data-animation=\"false\" data-animation-delay=\"0\" data-color=\"accent-color\" data-spacing=\"15px\" data-alignment=\"left\"> <strong>Avantages<\/strong> <em>(da Stilgomma)<\/em> :<\/p>\n<ul>\n<li>augmente la vascularisation<\/li>\n<li>r\u00e9duit les temps de r\u00e9solution du TARLO ou de la WHITE DISEASE<\/li>\n<li>r\u00e9duit les probl\u00e8mes de \u0152D\u00c8ME DE STASE et M\u00c9TABOLISME OSSEUX<\/li>\n<li>aide au drainage et au nettoyage des SEROMAS et des ABSCES<\/li>\n<li>pr\u00e9vient et aide au traitement de SEMELLE FINE, DIMINUTION DES PERFORMANCES, SCALPING, CHORIONITE SOLAIRE, P\u00c9RITENDONITE et LAC\u00c9RATIONS TENDONIENNES, SYNDROME N\u00c9VICULAIRE ou NAVICULITE, PIEDS CONTRACT\u00c9S, PIEDS ASYM\u00c9TRIQUES, COINS PALMAIRES N\u00c9GATIFS et\/ou PLANTARI, TALONS POUSS\u00c9S, FIBROSE TENDONIENNE et PERTENDON \u0152D\u00c8ME DE STASE et M\u00c9TABOLISME OSSEUX<\/li>\n<\/ul>\n <\/div>[\/vc_column][\/vc_row]\n","protected":false},"excerpt":{"rendered":"<p>5 CUORI est une chaussure pour chevaux qui favorise un auto-massage biom\u00e9canique.<\/p>\n","protected":false},"featured_media":543,"comment_status":"open","ping_status":"closed","template":"","meta":[],"product_brand":[],"product_cat":[56],"product_tag":[],"class_list":{"0":"post-1058","1":"product","2":"type-product","3":"status-publish","4":"has-post-thumbnail","5":"product_cat-accessoires-pour-chevaux","7":"first","8":"outofstock","9":"shipping-taxable","10":"purchasable","11":"product-type-variable","12":"has-default-attributes"},"_links":{"self":[{"href":"https:\/\/www.litehorse.it\/fr\/wp-json\/wp\/v2\/product\/1058","targetHints":{"allow":["GET"]}}],"collection":[{"href":"https:\/\/www.litehorse.it\/fr\/wp-json\/wp\/v2\/product"}],"about":[{"href":"https:\/\/www.litehorse.it\/fr\/wp-json\/wp\/v2\/types\/product"}],"replies":[{"embeddable":true,"href":"https:\/\/www.litehorse.it\/fr\/wp-json\/wp\/v2\/comments?post=1058"}],"wp:featuredmedia":[{"embeddable":true,"href":"https:\/\/www.litehorse.it\/fr\/wp-json\/wp\/v2\/media\/543"}],"wp:attachment":[{"href":"https:\/\/www.litehorse.it\/fr\/wp-json\/wp\/v2\/media?parent=1058"}],"wp:term":[{"taxonomy":"product_brand","embeddable":true,"href":"https:\/\/www.litehorse.it\/fr\/wp-json\/wp\/v2\/product_brand?post=1058"},{"taxonomy":"product_cat","embeddable":true,"href":"https:\/\/www.litehorse.it\/fr\/wp-json\/wp\/v2\/product_cat?post=1058"},{"taxonomy":"product_tag","embeddable":true,"href":"https:\/\/www.litehorse.it\/fr\/wp-json\/wp\/v2\/product_tag?post=1058"}],"curies":[{"name":"wp","href":"https:\/\/api.w.org\/{rel}","templated":true}]}}